{"id":6561,"date":"2023-08-01T14:31:07","date_gmt":"2023-08-01T12:31:07","guid":{"rendered":"https:\/\/fyk-engineering.com\/karriere\/"},"modified":"2023-08-16T18:56:30","modified_gmt":"2023-08-16T16:56:30","slug":"karriere","status":"publish","type":"page","link":"https:\/\/fyk-engineering.com\/de\/karriere\/","title":{"rendered":"Karriere"},"content":{"rendered":"<p>[et_pb_section fb_built=&#8220;1&#8243; _builder_version=&#8220;4.16&#8243; global_colors_info=&#8220;{}&#8220; theme_builder_area=&#8220;post_content&#8220;][et_pb_row _builder_version=&#8220;4.16&#8243; background_size=&#8220;initial&#8220; background_position=&#8220;top_left&#8220; background_repeat=&#8220;repeat&#8220; global_colors_info=&#8220;{}&#8220; theme_builder_area=&#8220;post_content&#8220;][et_pb_column type=&#8220;4_4&#8243; _builder_version=&#8220;4.16&#8243; custom_padding=&#8220;|||&#8220; global_colors_info=&#8220;{}&#8220; custom_padding__hover=&#8220;|||&#8220; theme_builder_area=&#8220;post_content&#8220;][et_pb_code _builder_version=&#8220;4.21.0&#8243; _module_preset=&#8220;default&#8220; theme_builder_area=&#8220;post_content&#8220; hover_enabled=&#8220;0&#8243; sticky_enabled=&#8220;0&#8243;]\t<div class=\"awsm-job-wrap\">\n\n\t\t<div class=\"awsm-filter-wrap\"><form action=\"https:\/\/fyk-engineering.com\/wp-admin\/admin-ajax.php\" method=\"POST\"><div class=\"awsm-filter-item-search\"><div class=\"awsm-filter-item-search-in\"><label for=\"awsm-jq-1\" class=\"awsm-sr-only\">Search<\/label><input type=\"text\" id=\"awsm-jq-1\" name=\"jq\" value=\"\" placeholder=\"Search\" class=\"awsm-job-search awsm-job-form-control\"><span class=\"awsm-job-search-btn awsm-job-search-icon-wrapper\"><i class=\"awsm-job-icon-search\"><\/i><\/span><span class=\"awsm-job-search-close-btn awsm-job-search-icon-wrapper awsm-job-hide\"><i class=\"awsm-job-icon-close-circle\"><\/i><\/span><\/div><\/div><input type=\"hidden\" name=\"lang\" value=\"de\"><input type=\"hidden\" name=\"action\" value=\"jobfilter\"><\/form><\/div>\n\t\t<div class=\"awsm-job-listings awsm-row awsm-grid-col-4\" data-listings=\"10\" data-lang=\"de\">\n\t\t\t<div class=\"awsm-job-listing-item awsm-grid-item\" id=\"awsm-grid-item-7611\">\t\t<a href=\"https:\/\/fyk-engineering.com\/de\/jobs\/planer-konstrukteur-sekundaertechnik-m-w-d-unbefristeter-stellenvertrag\/\" class=\"awsm-job-item\">\t\t\t<div class=\"awsm-grid-left-col\">\n\t\t\t\t\n\t\t\t\t<div class=\"awsm-job-featured-image\"><img loading=\"lazy\" decoding=\"async\" width=\"150\" height=\"150\" src=\"https:\/\/fyk-engineering.com\/wp-content\/uploads\/2023\/11\/Bildschirmfoto-2023-11-08-um-16.19.06-150x150.png\" class=\"attachment-thumbnail size-thumbnail\" alt=\"\" \/><\/div>\n\t\t\t\t<h2 class=\"awsm-job-post-title\">\n\t\t\t\t\tPlaner\/ Konstrukteur Sekund\u00e4rtechnik (m\/w\/d)| UNBEFRISTETER STELLENVERTRAG\t\t\t\t<\/h2>\n\n\t\t\t\t\t\t\t<\/div>\n\n\t\t\t<div class=\"awsm-grid-right-col\">\n\t\t\t\t<div class=\"awsm-job-more-container\"><span class=\"awsm-job-more\">More Details <span><\/span><\/span><\/div>\t\t\t<\/div>\n\t\t<\/a>\t<\/div><div class=\"awsm-job-listing-item awsm-grid-item\" id=\"awsm-grid-item-7601\">\t\t<a href=\"https:\/\/fyk-engineering.com\/de\/jobs\/ingenieurin-spezialistin-primaertechnik\/\" class=\"awsm-job-item\">\t\t\t<div class=\"awsm-grid-left-col\">\n\t\t\t\t\n\t\t\t\t<div class=\"awsm-job-featured-image\"><img loading=\"lazy\" decoding=\"async\" width=\"150\" height=\"150\" src=\"https:\/\/fyk-engineering.com\/wp-content\/uploads\/2023\/11\/Bildschirmfoto-2023-11-08-um-16.20.55-150x150.png\" class=\"attachment-thumbnail size-thumbnail\" alt=\"\" \/><\/div>\n\t\t\t\t<h2 class=\"awsm-job-post-title\">\n\t\t\t\t\tIngenieur\/Spezialist f\u00fcr Prim\u00e4rtechnik (m\/w\/d)| UNBEFRISTETER STELLENVERTRAG\t\t\t\t<\/h2>\n\n\t\t\t\t\t\t\t<\/div>\n\n\t\t\t<div class=\"awsm-grid-right-col\">\n\t\t\t\t<div class=\"awsm-job-more-container\"><span class=\"awsm-job-more\">More Details <span><\/span><\/span><\/div>\t\t\t<\/div>\n\t\t<\/a>\t<\/div>\t\t<\/div>\n\n\t<\/div>\n\t[\/et_pb_code][\/et_pb_column][\/et_pb_row][\/et_pb_section]<\/p>\n","protected":false},"excerpt":{"rendered":"<p>F.Y.K. Power Engineering GmbH, ein Unternehmen, das die Welt ver\u00e4ndert! Wir, die F.Y.K. Power Engineering GmbH, haben die Mission, die Energiewende zu schaffen und arbeiten leidenschaftlich daran. Agil wie ein mittelst\u00e4ndisches Unternehmen, aber mit der Kraft eines Weltkonzerns im R\u00fccken. Sind Sie von Ihrer Arbeit begeistert? Dann sind Sie hier richtig! Wir f\u00f6rdern Karrieren \u00fcber [&hellip;]<\/p>\n","protected":false},"author":1,"featured_media":6235,"parent":0,"menu_order":0,"comment_status":"closed","ping_status":"closed","template":"","meta":{"_et_pb_use_builder":"on","_et_pb_old_content":"","_et_gb_content_width":"","footnotes":""},"class_list":["post-6561","page","type-page","status-publish","has-post-thumbnail","hentry"],"_links":{"self":[{"href":"https:\/\/fyk-engineering.com\/de\/wp-json\/wp\/v2\/pages\/6561","targetHints":{"allow":["GET"]}}],"collection":[{"href":"https:\/\/fyk-engineering.com\/de\/wp-json\/wp\/v2\/pages"}],"about":[{"href":"https:\/\/fyk-engineering.com\/de\/wp-json\/wp\/v2\/types\/page"}],"author":[{"embeddable":true,"href":"https:\/\/fyk-engineering.com\/de\/wp-json\/wp\/v2\/users\/1"}],"replies":[{"embeddable":true,"href":"https:\/\/fyk-engineering.com\/de\/wp-json\/wp\/v2\/comments?post=6561"}],"version-history":[{"count":3,"href":"https:\/\/fyk-engineering.com\/de\/wp-json\/wp\/v2\/pages\/6561\/revisions"}],"predecessor-version":[{"id":6564,"href":"https:\/\/fyk-engineering.com\/de\/wp-json\/wp\/v2\/pages\/6561\/revisions\/6564"}],"wp:featuredmedia":[{"embeddable":true,"href":"https:\/\/fyk-engineering.com\/de\/wp-json\/wp\/v2\/media\/6235"}],"wp:attachment":[{"href":"https:\/\/fyk-engineering.com\/de\/wp-json\/wp\/v2\/media?parent=6561"}],"curies":[{"name":"wp","href":"https:\/\/api.w.org\/{rel}","templated":true}]}}