{"id":6525,"date":"2023-05-29T13:47:18","date_gmt":"2023-05-29T11:47:18","guid":{"rendered":"https:\/\/fyk-engineering.com\/onze-diensten\/"},"modified":"2023-08-16T18:56:37","modified_gmt":"2023-08-16T16:56:37","slug":"onze-diensten","status":"publish","type":"page","link":"https:\/\/fyk-engineering.com\/de\/onze-diensten\/","title":{"rendered":"Leistungen"},"content":{"rendered":"<p>[et_pb_section fb_built=&#8220;1&#8243; disabled_on=&#8220;off|off|off&#8220; _builder_version=&#8220;4.20.2&#8243; _module_preset=&#8220;default&#8220; use_background_color_gradient=&#8220;on&#8220; background_color_gradient_stops=&#8220;rgba(0,0,0,0.94) 2%|#000000 20%|#0f0047 49%|#12004f 73%|#000000 100%&#8220; custom_margin=&#8220;-28px||||false|false&#8220; box_shadow_style=&#8220;preset3&#8243; box_shadow_vertical=&#8220;-100px&#8220; box_shadow_blur=&#8220;92px&#8220; box_shadow_spread=&#8220;92px&#8220; locked=&#8220;off&#8220; global_colors_info=&#8220;{}&#8220; theme_builder_area=&#8220;post_content&#8220;][et_pb_row column_structure=&#8220;1_3,1_3,1_3&#8243; use_custom_gutter=&#8220;on&#8220; gutter_width=&#8220;2&#8243; make_equal=&#8220;on&#8220; _builder_version=&#8220;4.21.0&#8243; _module_preset=&#8220;default&#8220; custom_margin=&#8220;-60px||||false|false&#8220; custom_padding=&#8220;|0px|22px|0px|false|false&#8220; hover_enabled=&#8220;0&#8243; custom_css_main_element=&#8220;justify-content: space-between;||display: flex;||flex-direction: row;||flex-wrap: wrap;&#8220; global_colors_info=&#8220;{}&#8220; theme_builder_area=&#8220;post_content&#8220; sticky_enabled=&#8220;0&#8243;][et_pb_column type=&#8220;1_3&#8243; _builder_version=&#8220;4.20.2&#8243; _module_preset=&#8220;default&#8220; background_color=&#8220;rgba(18,0,79,0.19)&#8220; use_background_color_gradient=&#8220;on&#8220; background_color_gradient_stops=&#8220;rgba(0,9,71,0.53) 64%|rgba(0,0,10,0.22) 99%&#8220; custom_padding=&#8220;||||true|true&#8220; custom_css_main_element=&#8220;display: flex;||flex-direction: row;||flex-wrap: wrap;||justify-content: space-between;||max-width: 430px;||&#8220; border_radii=&#8220;on|12px|12px|12px|12px&#8220; box_shadow_style=&#8220;preset1&#8243; box_shadow_horizontal=&#8220;-5px&#8220; box_shadow_vertical=&#8220;21px&#8220; box_shadow_blur=&#8220;35px&#8220; box_shadow_spread=&#8220;4px&#8220; global_colors_info=&#8220;{}&#8220; custom_css_main_element_last_edited=&#8220;on|phone&#8220; custom_css_main_element_tablet=&#8220;display: flex;||flex-direction: row;||flex-wrap: wrap;||justify-content: space-between;||max-width: 430px;&#8220; custom_css_main_element_phone=&#8220;display: flex;||flex-direction: row;||flex-wrap: wrap;||justify-content: space-between;||max-width: 430px;&#8220; theme_builder_area=&#8220;post_content&#8220;][et_pb_blurb title=&#8220;Netzplanung&#8220; image=&#8220;https:\/\/fyk-engineering.com\/wp-content\/uploads\/2023\/05\/teaser-netzplanung-neu-4.jpg.webp&#8220; _builder_version=&#8220;4.21.0&#8243; _module_preset=&#8220;default&#8220; header_font=&#8220;|600|||||||&#8220; header_text_align=&#8220;center&#8220; header_text_color=&#8220;#F99312&#8243; header_font_size=&#8220;22px&#8220; body_font=&#8220;|300|||||||&#8220; body_text_align=&#8220;justify&#8220; body_text_color=&#8220;#FFFFFF&#8220; width=&#8220;100%&#8220; global_colors_info=&#8220;{}&#8220; theme_builder_area=&#8220;post_content&#8220;]<\/p>\n<p>Die Stromversorgungsnetze erleben eine dynamische Ver\u00e4nderung. Als Ursache f\u00fcr diese Ver\u00e4nderung sind die technischen und wirtschaftlichen Anforderungen sowie die politischen Bestrebungen. Eine sichere und zuverl\u00e4ssige Stromversorgung ist f\u00fcr den wirtschaftlichen Erfolg von h\u00f6chster Bedeutung.<\/p>\n<p>[\/et_pb_blurb][et_pb_button button_text=&#8220;Experten&#8220; button_alignment=&#8220;center&#8220; button_alignment_tablet=&#8220;center&#8220; button_alignment_phone=&#8220;center&#8220; button_alignment_last_edited=&#8220;on|phone&#8220; _builder_version=&#8220;4.21.0&#8243; _module_preset=&#8220;default&#8220; custom_button=&#8220;on&#8220; button_text_size=&#8220;14px&#8220; button_bg_color=&#8220;#40ed57&#8243; button_border_width=&#8220;1px&#8220; button_use_icon=&#8220;off&#8220; custom_margin=&#8220;|12px|22px|12px|false|true&#8220; custom_padding=&#8220;12px||12px||true|false&#8220; hover_enabled=&#8220;0&#8243; custom_css_main_element=&#8220;width: 160px;&#8220; global_colors_info=&#8220;{}&#8220; custom_css_main_element_last_edited=&#8220;on|phone&#8220; custom_css_main_element_phone=&#8220;width: 160px;&#8220; custom_css_main_element_tablet=&#8220;width: 160px;&#8220; theme_builder_area=&#8220;post_content&#8220; sticky_enabled=&#8220;0&#8243; button_url=&#8220;@ET-DC@eyJkeW5hbWljIjp0cnVlLCJjb250ZW50IjoicG9zdF9saW5rX3VybF9wYWdlIiwic2V0dGluZ3MiOnsicG9zdF9pZCI6IjUxIn19@&#8220; _dynamic_attributes=&#8220;button_url&#8220;][\/et_pb_button][et_pb_button button_url=&#8220;@ET-DC@eyJkeW5hbWljIjp0cnVlLCJjb250ZW50IjoicG9zdF9saW5rX3VybF9wYWdlIiwic2V0dGluZ3MiOnsicG9zdF9pZCI6IjUzIn19@&#8220; button_text=&#8220;Mehr lesen&#8220; button_alignment=&#8220;center&#8220; _builder_version=&#8220;4.21.0&#8243; _dynamic_attributes=&#8220;button_url&#8220; _module_preset=&#8220;default&#8220; custom_button=&#8220;on&#8220; button_text_size=&#8220;14px&#8220; button_text_color=&#8220;#40ed57&#8243; button_bg_color=&#8220;RGBA(255,255,255,0)&#8220; button_border_width=&#8220;1px&#8220; button_border_color=&#8220;#40ed57&#8243; button_use_icon=&#8220;off&#8220; custom_margin=&#8220;|12px|22px|12px|false|true&#8220; custom_padding=&#8220;12px||12px||true|false&#8220; custom_css_main_element=&#8220;width: 160px;&#8220; global_colors_info=&#8220;{}&#8220; theme_builder_area=&#8220;post_content&#8220;][\/et_pb_button][\/et_pb_column][et_pb_column type=&#8220;1_3&#8243; _builder_version=&#8220;4.20.2&#8243; _module_preset=&#8220;default&#8220; background_color=&#8220;rgba(18,0,79,0.19)&#8220; use_background_color_gradient=&#8220;on&#8220; background_color_gradient_stops=&#8220;rgba(0,9,71,0.53) 64%|rgba(0,0,10,0.22) 99%&#8220; custom_padding=&#8220;||||true|true&#8220; custom_css_main_element=&#8220;display: flex;||flex-direction: row;||flex-wrap: wrap;||justify-content: space-between;||max-width: 430px;||&#8220; border_radii=&#8220;on|12px|12px|12px|12px&#8220; box_shadow_style=&#8220;preset1&#8243; box_shadow_horizontal=&#8220;-5px&#8220; box_shadow_vertical=&#8220;21px&#8220; box_shadow_blur=&#8220;35px&#8220; box_shadow_spread=&#8220;4px&#8220; global_colors_info=&#8220;{}&#8220; theme_builder_area=&#8220;post_content&#8220;][et_pb_blurb title=&#8220;Schutztechnik&#8220; image=&#8220;https:\/\/fyk-engineering.com\/wp-content\/uploads\/2023\/05\/schutztechnik-teaser-neu-7.jpg.webp&#8220; _builder_version=&#8220;4.21.0&#8243; _module_preset=&#8220;default&#8220; header_font=&#8220;|600|||||||&#8220; header_text_align=&#8220;center&#8220; header_text_color=&#8220;#F99312&#8243; header_font_size=&#8220;22px&#8220; body_font=&#8220;|300|||||||&#8220; body_text_align=&#8220;justify&#8220; body_text_color=&#8220;#FFFFFF&#8220; width=&#8220;100%&#8220; global_colors_info=&#8220;{}&#8220; theme_builder_area=&#8220;post_content&#8220;]<\/p>\n<p>Die Schutztechnik geh\u00f6rt zu den wichtigste Planungsaufgabe f\u00fcr Stromversorgungsnetze. Das Ziel der Schutztechnik ist Fehler zu erkennen und diese schnell und selektiv abzuschalten.<\/p>\n<p>[\/et_pb_blurb][et_pb_button button_text=&#8220;Experten&#8220; button_alignment=&#8220;center&#8220; _builder_version=&#8220;4.21.0&#8243; _module_preset=&#8220;default&#8220; custom_button=&#8220;on&#8220; button_text_size=&#8220;14px&#8220; button_bg_color=&#8220;#40ed57&#8243; button_border_width=&#8220;1px&#8220; button_use_icon=&#8220;off&#8220; custom_margin=&#8220;|12px|22px|12px|false|true&#8220; custom_padding=&#8220;12px||12px||true|false&#8220; hover_enabled=&#8220;0&#8243; custom_css_main_element=&#8220;width: 160px;&#8220; global_colors_info=&#8220;{}&#8220; theme_builder_area=&#8220;post_content&#8220; button_url=&#8220;@ET-DC@eyJkeW5hbWljIjp0cnVlLCJjb250ZW50IjoicG9zdF9saW5rX3VybF9wYWdlIiwic2V0dGluZ3MiOnsicG9zdF9pZCI6IjUxIn19@&#8220; _dynamic_attributes=&#8220;button_url&#8220; sticky_enabled=&#8220;0&#8243;][\/et_pb_button][et_pb_button button_url=&#8220;@ET-DC@eyJkeW5hbWljIjp0cnVlLCJjb250ZW50IjoicG9zdF9saW5rX3VybF9wYWdlIiwic2V0dGluZ3MiOnsicG9zdF9pZCI6IjU1In19@&#8220; button_text=&#8220;Mehr lesen&#8220; button_alignment=&#8220;center&#8220; _builder_version=&#8220;4.21.0&#8243; _dynamic_attributes=&#8220;button_url&#8220; _module_preset=&#8220;default&#8220; custom_button=&#8220;on&#8220; button_text_size=&#8220;14px&#8220; button_text_color=&#8220;#40ed57&#8243; button_bg_color=&#8220;RGBA(255,255,255,0)&#8220; button_border_width=&#8220;1px&#8220; button_border_color=&#8220;#40ed57&#8243; button_use_icon=&#8220;off&#8220; custom_margin=&#8220;|12px|22px|12px|false|true&#8220; custom_padding=&#8220;12px||12px||true|false&#8220; custom_css_main_element=&#8220;width: 160px;&#8220; global_colors_info=&#8220;{}&#8220; theme_builder_area=&#8220;post_content&#8220;][\/et_pb_button][\/et_pb_column][et_pb_column type=&#8220;1_3&#8243; _builder_version=&#8220;4.20.2&#8243; _module_preset=&#8220;default&#8220; background_color=&#8220;rgba(18,0,79,0.19)&#8220; use_background_color_gradient=&#8220;on&#8220; background_color_gradient_stops=&#8220;rgba(0,9,71,0.53) 64%|rgba(0,0,10,0.22) 99%&#8220; custom_padding=&#8220;||||true|true&#8220; custom_css_main_element=&#8220;display: flex;||flex-direction: row;||flex-wrap: wrap;||justify-content: space-between;||max-width: 430px;||&#8220; border_radii=&#8220;on|12px|12px|12px|12px&#8220; box_shadow_style=&#8220;preset1&#8243; box_shadow_horizontal=&#8220;-5px&#8220; box_shadow_vertical=&#8220;21px&#8220; box_shadow_blur=&#8220;35px&#8220; box_shadow_spread=&#8220;4px&#8220; global_colors_info=&#8220;{}&#8220; theme_builder_area=&#8220;post_content&#8220;][et_pb_blurb title=&#8220;Leittechnik&#8220; image=&#8220;https:\/\/fyk-engineering.com\/wp-content\/uploads\/2023\/05\/leittechnik-digital-1.jpg.webp&#8220; _builder_version=&#8220;4.21.0&#8243; _module_preset=&#8220;default&#8220; header_font=&#8220;|600|||||||&#8220; header_text_align=&#8220;center&#8220; header_text_color=&#8220;#F99312&#8243; header_font_size=&#8220;22px&#8220; body_font=&#8220;|300|||||||&#8220; body_text_align=&#8220;justify&#8220; body_text_color=&#8220;#FFFFFF&#8220; width=&#8220;100%&#8220; global_colors_info=&#8220;{}&#8220; theme_builder_area=&#8220;post_content&#8220;]<\/p>\n<p>Die Leittechnik ist ein wichtiger Bestandteil der Sekund\u00e4rtechnik, sie erf\u00fcllt somit die Aufgaben zur \u00dcberwachung, Steuerung und Regelung der Energieversorgungnetze.<\/p>\n<p>[\/et_pb_blurb][et_pb_button button_text=&#8220;Experten&#8220; button_alignment=&#8220;center&#8220; _builder_version=&#8220;4.21.0&#8243; _module_preset=&#8220;default&#8220; custom_button=&#8220;on&#8220; button_text_size=&#8220;14px&#8220; button_bg_color=&#8220;#40ed57&#8243; button_border_width=&#8220;1px&#8220; button_use_icon=&#8220;off&#8220; custom_margin=&#8220;|12px|22px|12px|false|true&#8220; custom_padding=&#8220;12px||12px||true|false&#8220; hover_enabled=&#8220;0&#8243; custom_css_main_element=&#8220;width: 160px;&#8220; global_colors_info=&#8220;{}&#8220; theme_builder_area=&#8220;post_content&#8220; button_url=&#8220;@ET-DC@eyJkeW5hbWljIjp0cnVlLCJjb250ZW50IjoicG9zdF9saW5rX3VybF9wYWdlIiwic2V0dGluZ3MiOnsicG9zdF9pZCI6IjUxIn19@&#8220; _dynamic_attributes=&#8220;button_url&#8220; sticky_enabled=&#8220;0&#8243;][\/et_pb_button][et_pb_button button_url=&#8220;@ET-DC@eyJkeW5hbWljIjp0cnVlLCJjb250ZW50IjoicG9zdF9saW5rX3VybF9wYWdlIiwic2V0dGluZ3MiOnsicG9zdF9pZCI6IjU2In19@&#8220; button_text=&#8220;Mehr lesen&#8220; button_alignment=&#8220;center&#8220; _builder_version=&#8220;4.21.0&#8243; _dynamic_attributes=&#8220;button_url&#8220; _module_preset=&#8220;default&#8220; custom_button=&#8220;on&#8220; button_text_size=&#8220;14px&#8220; button_text_color=&#8220;#40ed57&#8243; button_bg_color=&#8220;RGBA(255,255,255,0)&#8220; button_border_width=&#8220;1px&#8220; button_border_color=&#8220;#40ed57&#8243; button_use_icon=&#8220;off&#8220; custom_margin=&#8220;|12px|22px|12px|false|true&#8220; custom_padding=&#8220;12px||12px||true|false&#8220; custom_css_main_element=&#8220;width: 160px;&#8220; global_colors_info=&#8220;{}&#8220; theme_builder_area=&#8220;post_content&#8220;][\/et_pb_button][\/et_pb_column][\/et_pb_row][et_pb_row column_structure=&#8220;1_3,1_3,1_3&#8243; use_custom_gutter=&#8220;on&#8220; gutter_width=&#8220;2&#8243; make_equal=&#8220;on&#8220; _builder_version=&#8220;4.21.0&#8243; _module_preset=&#8220;default&#8220; custom_margin=&#8220;||||false|false&#8220; custom_padding=&#8220;|0px|22px|0px|false|false&#8220; hover_enabled=&#8220;0&#8243; custom_css_main_element=&#8220;justify-content: space-between;||display: flex;||flex-direction: row;||flex-wrap: wrap;&#8220; global_colors_info=&#8220;{}&#8220; theme_builder_area=&#8220;post_content&#8220; sticky_enabled=&#8220;0&#8243;][et_pb_column type=&#8220;1_3&#8243; _builder_version=&#8220;4.20.2&#8243; _module_preset=&#8220;default&#8220; background_color=&#8220;rgba(18,0,79,0.19)&#8220; use_background_color_gradient=&#8220;on&#8220; background_color_gradient_stops=&#8220;rgba(0,9,71,0.53) 64%|rgba(0,0,10,0.22) 99%&#8220; custom_padding=&#8220;||||true|true&#8220; custom_css_main_element=&#8220;display: flex;||flex-direction: row;||flex-wrap: wrap;||justify-content: space-between;||max-width: 430px;||&#8220; border_radii=&#8220;on|12px|12px|12px|12px&#8220; box_shadow_style=&#8220;preset1&#8243; box_shadow_horizontal=&#8220;-5px&#8220; box_shadow_vertical=&#8220;21px&#8220; box_shadow_blur=&#8220;35px&#8220; box_shadow_spread=&#8220;4px&#8220; global_colors_info=&#8220;{}&#8220; theme_builder_area=&#8220;post_content&#8220;][et_pb_blurb title=&#8220;Inbetriebnahme&#8220; image=&#8220;https:\/\/fyk-engineering.com\/wp-content\/uploads\/2023\/05\/commissioning.jpg&#8220; _builder_version=&#8220;4.21.0&#8243; _module_preset=&#8220;default&#8220; header_font=&#8220;|600|||||||&#8220; header_text_align=&#8220;center&#8220; header_text_color=&#8220;#F99312&#8243; header_font_size=&#8220;22px&#8220; body_font=&#8220;|300|||||||&#8220; body_text_align=&#8220;justify&#8220; body_text_color=&#8220;#FFFFFF&#8220; width=&#8220;100%&#8220; global_colors_info=&#8220;{}&#8220; theme_builder_area=&#8220;post_content&#8220;]<\/p>\n<p>Die Inbetriebnahme auf der Baustelle ist die letzte aber auch zugleich die anspruchsvollste Aufgabe in der Projektabwicklung. FYK Power Engineering bietet im Rahmen der Inbetriebnahme folgende Pakete an<\/p>\n<p>[\/et_pb_blurb][et_pb_button button_text=&#8220;Experten&#8220; button_alignment=&#8220;center&#8220; _builder_version=&#8220;4.21.0&#8243; _module_preset=&#8220;default&#8220; custom_button=&#8220;on&#8220; button_text_size=&#8220;14px&#8220; button_bg_color=&#8220;#40ed57&#8243; button_border_width=&#8220;1px&#8220; button_use_icon=&#8220;off&#8220; custom_margin=&#8220;|12px|22px|12px|false|true&#8220; custom_padding=&#8220;12px||12px||true|false&#8220; hover_enabled=&#8220;0&#8243; custom_css_main_element=&#8220;width: 160px;&#8220; global_colors_info=&#8220;{}&#8220; theme_builder_area=&#8220;post_content&#8220; button_url=&#8220;@ET-DC@eyJkeW5hbWljIjp0cnVlLCJjb250ZW50IjoicG9zdF9saW5rX3VybF9wYWdlIiwic2V0dGluZ3MiOnsicG9zdF9pZCI6IjUxIn19@&#8220; _dynamic_attributes=&#8220;button_url&#8220; sticky_enabled=&#8220;0&#8243;][\/et_pb_button][et_pb_button button_url=&#8220;@ET-DC@eyJkeW5hbWljIjp0cnVlLCJjb250ZW50IjoicG9zdF9saW5rX3VybF9wYWdlIiwic2V0dGluZ3MiOnsicG9zdF9pZCI6IjYxIn19@&#8220; button_text=&#8220;Mehr lesen&#8220; button_alignment=&#8220;center&#8220; _builder_version=&#8220;4.21.0&#8243; _dynamic_attributes=&#8220;button_url&#8220; _module_preset=&#8220;default&#8220; custom_button=&#8220;on&#8220; button_text_size=&#8220;14px&#8220; button_text_color=&#8220;#40ed57&#8243; button_bg_color=&#8220;RGBA(255,255,255,0)&#8220; button_border_width=&#8220;1px&#8220; button_border_color=&#8220;#40ed57&#8243; button_use_icon=&#8220;off&#8220; custom_margin=&#8220;|12px|22px|12px|false|true&#8220; custom_padding=&#8220;12px||12px||true|false&#8220; custom_css_main_element=&#8220;width: 160px;&#8220; global_colors_info=&#8220;{}&#8220; theme_builder_area=&#8220;post_content&#8220;][\/et_pb_button][\/et_pb_column][et_pb_column type=&#8220;1_3&#8243; _builder_version=&#8220;4.20.2&#8243; _module_preset=&#8220;default&#8220; background_color=&#8220;rgba(18,0,79,0.19)&#8220; use_background_color_gradient=&#8220;on&#8220; background_color_gradient_stops=&#8220;rgba(0,9,71,0.53) 64%|rgba(0,0,10,0.22) 99%&#8220; custom_padding=&#8220;||||true|true&#8220; custom_css_main_element=&#8220;display: flex;||flex-direction: row;||flex-wrap: wrap;||justify-content: space-between;||max-width: 430px;||&#8220; border_radii=&#8220;on|12px|12px|12px|12px&#8220; box_shadow_style=&#8220;preset1&#8243; box_shadow_horizontal=&#8220;-5px&#8220; box_shadow_vertical=&#8220;21px&#8220; box_shadow_blur=&#8220;35px&#8220; box_shadow_spread=&#8220;4px&#8220; global_colors_info=&#8220;{}&#8220; theme_builder_area=&#8220;post_content&#8220;][et_pb_blurb title=&#8220;Installation, Bau und Trassierung&#8220; image=&#8220;https:\/\/fyk-engineering.com\/wp-content\/uploads\/2023\/05\/installation.jpg&#8220; _builder_version=&#8220;4.21.0&#8243; _module_preset=&#8220;default&#8220; header_font=&#8220;|600|||||||&#8220; header_text_align=&#8220;center&#8220; header_text_color=&#8220;#F99312&#8243; header_font_size=&#8220;22px&#8220; body_font=&#8220;|300|||||||&#8220; body_text_align=&#8220;justify&#8220; body_text_color=&#8220;#FFFFFF&#8220; width=&#8220;100%&#8220; global_colors_info=&#8220;{}&#8220; theme_builder_area=&#8220;post_content&#8220;]<\/p>\n<p>Im Bereich Planung und Installation diverse Anlagen(Freileitung, Trafo stattionen etc..) bis 400 kV erbringen wir Komplettl\u00f6sungen sowohl f\u00fcr Neubauma\u00dfnahmen, als auch f\u00fcr Erweiterungs-, Instandhaltungs-, Sanierungs- und Modernisierungsma\u00dfnahmen.<\/p>\n<p>[\/et_pb_blurb][et_pb_button button_text=&#8220;Experten&#8220; button_alignment=&#8220;center&#8220; _builder_version=&#8220;4.21.0&#8243; _module_preset=&#8220;default&#8220; custom_button=&#8220;on&#8220; button_text_size=&#8220;14px&#8220; button_bg_color=&#8220;#40ed57&#8243; button_border_width=&#8220;1px&#8220; button_use_icon=&#8220;off&#8220; custom_margin=&#8220;|12px|22px|12px|false|true&#8220; custom_padding=&#8220;12px||12px||true|false&#8220; hover_enabled=&#8220;0&#8243; custom_css_main_element=&#8220;width: 160px;&#8220; global_colors_info=&#8220;{}&#8220; theme_builder_area=&#8220;post_content&#8220; button_url=&#8220;@ET-DC@eyJkeW5hbWljIjp0cnVlLCJjb250ZW50IjoicG9zdF9saW5rX3VybF9wYWdlIiwic2V0dGluZ3MiOnsicG9zdF9pZCI6IjUxIn19@&#8220; _dynamic_attributes=&#8220;button_url&#8220; sticky_enabled=&#8220;0&#8243;][\/et_pb_button][et_pb_button button_url=&#8220;@ET-DC@eyJkeW5hbWljIjp0cnVlLCJjb250ZW50IjoicG9zdF9saW5rX3VybF9wYWdlIiwic2V0dGluZ3MiOnsicG9zdF9pZCI6IjYyIn19@&#8220; button_text=&#8220;Mehr lesen&#8220; button_alignment=&#8220;center&#8220; _builder_version=&#8220;4.21.0&#8243; _dynamic_attributes=&#8220;button_url&#8220; _module_preset=&#8220;default&#8220; custom_button=&#8220;on&#8220; button_text_size=&#8220;14px&#8220; button_text_color=&#8220;#40ed57&#8243; button_bg_color=&#8220;RGBA(255,255,255,0)&#8220; button_border_width=&#8220;1px&#8220; button_border_color=&#8220;#40ed57&#8243; button_use_icon=&#8220;off&#8220; custom_margin=&#8220;|12px|22px|12px|false|true&#8220; custom_padding=&#8220;12px||12px||true|false&#8220; custom_css_main_element=&#8220;width: 160px;&#8220; global_colors_info=&#8220;{}&#8220; theme_builder_area=&#8220;post_content&#8220;][\/et_pb_button][\/et_pb_column][et_pb_column type=&#8220;1_3&#8243; _builder_version=&#8220;4.21.0&#8243; _module_preset=&#8220;default&#8220; background_enable_color=&#8220;off&#8220; custom_padding=&#8220;||||true|true&#8220; custom_css_main_element=&#8220;display: flex;||flex-direction: row;||flex-wrap: wrap;||justify-content: space-between;||max-width: 430px;||&#8220; global_colors_info=&#8220;{}&#8220; theme_builder_area=&#8220;post_content&#8220;][\/et_pb_column][\/et_pb_row][\/et_pb_section]<\/p>\n","protected":false},"excerpt":{"rendered":"<p>Wir bieten hochwertige Dienstleistungen<\/p>\n","protected":false},"author":1,"featured_media":561,"parent":0,"menu_order":0,"comment_status":"closed","ping_status":"closed","template":"","meta":{"_et_pb_use_builder":"on","_et_pb_old_content":"","_et_gb_content_width":"","footnotes":""},"class_list":["post-6525","page","type-page","status-publish","has-post-thumbnail","hentry"],"_links":{"self":[{"href":"https:\/\/fyk-engineering.com\/de\/wp-json\/wp\/v2\/pages\/6525","targetHints":{"allow":["GET"]}}],"collection":[{"href":"https:\/\/fyk-engineering.com\/de\/wp-json\/wp\/v2\/pages"}],"about":[{"href":"https:\/\/fyk-engineering.com\/de\/wp-json\/wp\/v2\/types\/page"}],"author":[{"embeddable":true,"href":"https:\/\/fyk-engineering.com\/de\/wp-json\/wp\/v2\/users\/1"}],"replies":[{"embeddable":true,"href":"https:\/\/fyk-engineering.com\/de\/wp-json\/wp\/v2\/comments?post=6525"}],"version-history":[{"count":10,"href":"https:\/\/fyk-engineering.com\/de\/wp-json\/wp\/v2\/pages\/6525\/revisions"}],"predecessor-version":[{"id":7361,"href":"https:\/\/fyk-engineering.com\/de\/wp-json\/wp\/v2\/pages\/6525\/revisions\/7361"}],"wp:featuredmedia":[{"embeddable":true,"href":"https:\/\/fyk-engineering.com\/de\/wp-json\/wp\/v2\/media\/561"}],"wp:attachment":[{"href":"https:\/\/fyk-engineering.com\/de\/wp-json\/wp\/v2\/media?parent=6525"}],"curies":[{"name":"wp","href":"https:\/\/api.w.org\/{rel}","templated":true}]}}