{"id":6471,"date":"2023-05-29T13:49:37","date_gmt":"2023-05-29T11:49:37","guid":{"rendered":"https:\/\/fyk-engineering.com\/beauftragung\/"},"modified":"2023-08-16T18:56:43","modified_gmt":"2023-08-16T16:56:43","slug":"beauftragung","status":"publish","type":"page","link":"https:\/\/fyk-engineering.com\/de\/onze-diensten\/beauftragung\/","title":{"rendered":"Inbetriebnahme"},"content":{"rendered":"<p>[et_pb_section fb_built=&#8220;1&#8243; _builder_version=&#8220;4.20.2&#8243; _dynamic_attributes=&#8220;background_image&#8220; _module_preset=&#8220;default&#8220; background_image=&#8220;@ET-DC@eyJkeW5hbWljIjp0cnVlLCJjb250ZW50IjoicG9zdF9mZWF0dXJlZF9pbWFnZSIsInNldHRpbmdzIjp7fX0=@&#8220; custom_margin=&#8220;-100px||||false|false&#8220; filter_brightness=&#8220;107%&#8220; custom_css_after=&#8220;content: %22%22;||width: 100%;||height: 100%;||left: 0;||top: 0;||position: absolute;||background-color: rgba(37,27,27,0.69);&#8220; locked=&#8220;off&#8220; collapsed=&#8220;off&#8220; global_colors_info=&#8220;{}&#8220;][et_pb_row column_structure=&#8220;2_3,1_3&#8243; _builder_version=&#8220;4.21.0&#8243; _module_preset=&#8220;default&#8220; max_width=&#8220;none&#8220; height=&#8220;60vh&#8220; custom_padding=&#8220;10%||||false|false&#8220; global_colors_info=&#8220;{}&#8220;][et_pb_column type=&#8220;2_3&#8243; _builder_version=&#8220;4.20.2&#8243; _module_preset=&#8220;default&#8220; global_colors_info=&#8220;{}&#8220;][et_pb_text _builder_version=&#8220;4.22.0&#8243; _dynamic_attributes=&#8220;content&#8220; _module_preset=&#8220;default&#8220; text_text_color=&#8220;#f2a710&#8243; header_font=&#8220;|700|||||||&#8220; header_text_color=&#8220;#F2AE10&#8243; header_font_size=&#8220;60px&#8220; custom_margin=&#8220;5%||16px||false|false&#8220; custom_margin_tablet=&#8220;8%||16px||false|false&#8220; custom_margin_phone=&#8220;15%||||false|false&#8220; custom_margin_last_edited=&#8220;on|phone&#8220; hover_enabled=&#8220;0&#8243; header_font_size_tablet=&#8220;60px&#8220; header_font_size_phone=&#8220;35px&#8220; header_font_size_last_edited=&#8220;on|phone&#8220; global_colors_info=&#8220;{}&#8220; sticky_enabled=&#8220;0&#8243;]@ET-DC@eyJkeW5hbWljIjp0cnVlLCJjb250ZW50IjoicG9zdF90aXRsZSIsInNldHRpbmdzIjp7ImJlZm9yZSI6IjxoMT4iLCJhZnRlciI6IjxcL2gxPiJ9fQ==@[\/et_pb_text][et_pb_text _builder_version=&#8220;4.22.0&#8243; _module_preset=&#8220;default&#8220; text_text_color=&#8220;#FFFFFF&#8220; header_font=&#8220;||||||||&#8220; header_font_size=&#8220;60px&#8220; header_2_font=&#8220;||||||||&#8220; header_2_text_color=&#8220;#FFFFFF&#8220; header_2_font_size=&#8220;18px&#8220; header_2_line_height=&#8220;1.6em&#8220; hover_enabled=&#8220;0&#8243; global_colors_info=&#8220;{}&#8220; text_font_size=&#8220;18px&#8220; sticky_enabled=&#8220;0&#8243;]<\/p>\n<p>Sie ben\u00f6tigen einen kompetenten Ansprechpartner f\u00fcr die Inbetriebnahme Ihrer Anlagen? Sprechen Sie uns an.<\/p>\n<p>[\/et_pb_text][\/et_pb_column][et_pb_column type=&#8220;1_3&#8243; _builder_version=&#8220;4.20.2&#8243; _module_preset=&#8220;default&#8220; global_colors_info=&#8220;{}&#8220;][\/et_pb_column][\/et_pb_row][et_pb_row column_structure=&#8220;3_5,2_5&#8243; _builder_version=&#8220;4.21.0&#8243; _module_preset=&#8220;default&#8220; background_enable_color=&#8220;off&#8220; custom_margin=&#8220;-120px||||false|false&#8220; custom_padding=&#8220;37px|0px|37px|0px|true|false&#8220; custom_css_main_element=&#8220;justify-content: space-between;||display: flex;||flex-direction: row;||flex-wrap: wrap;&#8220; locked=&#8220;off&#8220; global_colors_info=&#8220;{}&#8220;][et_pb_column type=&#8220;3_5&#8243; _builder_version=&#8220;4.20.2&#8243; _module_preset=&#8220;default&#8220; background_enable_color=&#8220;off&#8220; custom_padding=&#8220;||||true|true&#8220; custom_css_main_element=&#8220;display: flex;||flex-direction: row;||flex-wrap: wrap;||max-width: 100%;&#8220; border_radii=&#8220;on|12px|12px|12px|12px&#8220; global_colors_info=&#8220;{}&#8220;][et_pb_blurb title=&#8220;Inbetriebnahme&#8220; content_max_width=&#8220;100%&#8220; _builder_version=&#8220;4.20.2&#8243; _module_preset=&#8220;default&#8220; header_level=&#8220;h2&#8243; header_font=&#8220;||||||||&#8220; header_text_align=&#8220;left&#8220; header_text_color=&#8220;#FFFFFF&#8220; header_font_size=&#8220;2.3rem&#8220; header_line_height=&#8220;1.4em&#8220; body_font=&#8220;||||||||&#8220; body_text_align=&#8220;justify&#8220; body_text_color=&#8220;#FFFFFF&#8220; body_font_size=&#8220;15px&#8220; width=&#8220;100%&#8220; max_width=&#8220;100%&#8220; module_alignment=&#8220;left&#8220; custom_margin=&#8220;0px||0px||true|false&#8220; custom_padding=&#8220;0px||0px||true|false&#8220; locked=&#8220;off&#8220; global_colors_info=&#8220;{}&#8220;][\/et_pb_blurb][et_pb_text _builder_version=&#8220;4.21.0&#8243; _module_preset=&#8220;default&#8220; text_text_color=&#8220;#FFFFFF&#8220; text_orientation=&#8220;justified&#8220; module_alignment=&#8220;left&#8220; custom_margin=&#8220;||22px||false|false&#8220; custom_padding=&#8220;||0px||false|false&#8220; global_colors_info=&#8220;{}&#8220;]<\/p>\n<p><span>Die Inbetriebnahme auf der Baustelle ist die letzte aber auch zugleich die anspruchsvollste Aufgabe in der Projektabwicklung. FYK Power Engineering bietet im Rahmen der Inbetriebnahme folgende Pakete an<\/span><\/p>\n<p>[\/et_pb_text][et_pb_button button_text=&#8220;Experten kontaktieren&#8220; button_alignment=&#8220;left&#8220; _builder_version=&#8220;4.21.0&#8243; _module_preset=&#8220;default&#8220; custom_button=&#8220;on&#8220; button_text_size=&#8220;14px&#8220; button_bg_color=&#8220;#40ed57&#8243; button_border_width=&#8220;1px&#8220; button_use_icon=&#8220;off&#8220; custom_margin=&#8220;|0px|60px|0px|false|true&#8220; custom_padding=&#8220;26px|52px|26px|52px|true|true&#8220; custom_css_main_element=&#8220;width: 320px;||text-align: center;&#8220; locked=&#8220;off&#8220; global_colors_info=&#8220;{}&#8220;][\/et_pb_button][\/et_pb_column][et_pb_column type=&#8220;2_5&#8243; _builder_version=&#8220;4.20.2&#8243; _module_preset=&#8220;default&#8220; background_enable_color=&#8220;off&#8220; custom_padding=&#8220;||||true|true&#8220; custom_css_main_element=&#8220;display: flex;||flex-direction: row;||flex-wrap: wrap;||max-width: 100%;&#8220; border_radii=&#8220;on|12px|12px|12px|12px&#8220; global_colors_info=&#8220;{}&#8220;][\/et_pb_column][\/et_pb_row][\/et_pb_section][et_pb_section fb_built=&#8220;1&#8243; admin_label=&#8220;Section&#8220; _builder_version=&#8220;4.21.0&#8243; _module_preset=&#8220;default&#8220; use_background_color_gradient=&#8220;on&#8220; background_color_gradient_stops=&#8220;rgba(0,0,0,0.94) 2%|#000000 20%|#0f0047 49%|#12004f 65%|#000000 88%&#8220; background_enable_image=&#8220;off&#8220; custom_margin=&#8220;-28px||||false|false&#8220; custom_padding=&#8220;||60px||false|false&#8220; box_shadow_style=&#8220;preset1&#8243; box_shadow_vertical=&#8220;-78px&#8220; box_shadow_blur=&#8220;87px&#8220; box_shadow_spread=&#8220;33px&#8220; box_shadow_color=&#8220;#000a00&#8243; locked=&#8220;off&#8220; collapsed=&#8220;on&#8220; global_colors_info=&#8220;{}&#8220;][et_pb_row admin_label=&#8220;Row&#8220; _builder_version=&#8220;4.21.0&#8243; _module_preset=&#8220;default&#8220; background_enable_color=&#8220;off&#8220; custom_margin=&#8220;0px||0px||true|false&#8220; custom_padding=&#8220;0px|0px|0px|0px|true|false&#8220; custom_css_main_element=&#8220;justify-content: space-between;||display: flex;||flex-direction: row;||flex-wrap: wrap;&#8220; locked=&#8220;off&#8220; global_colors_info=&#8220;{}&#8220;][et_pb_column type=&#8220;4_4&#8243; _builder_version=&#8220;4.20.2&#8243; _module_preset=&#8220;default&#8220; background_enable_color=&#8220;off&#8220; custom_padding=&#8220;||||true|true&#8220; custom_css_main_element=&#8220;display: flex;||flex-direction: row;||flex-wrap: wrap;||max-width: 100%;&#8220; border_radii=&#8220;on|12px|12px|12px|12px&#8220; global_colors_info=&#8220;{}&#8220;][et_pb_blurb title=&#8220;Dabei unterst\u00fctzen wir Sie:&#8220; content_max_width=&#8220;100%&#8220; _builder_version=&#8220;4.21.0&#8243; _module_preset=&#8220;default&#8220; header_level=&#8220;h2&#8243; header_font=&#8220;||||||||&#8220; header_text_align=&#8220;left&#8220; header_text_color=&#8220;#FFFFFF&#8220; header_font_size=&#8220;2.3rem&#8220; header_line_height=&#8220;1.4em&#8220; body_font=&#8220;||||||||&#8220; body_text_align=&#8220;justify&#8220; body_text_color=&#8220;#FFFFFF&#8220; body_font_size=&#8220;15px&#8220; width=&#8220;100%&#8220; max_width=&#8220;100%&#8220; module_alignment=&#8220;left&#8220; custom_margin=&#8220;0px||0px||true|false&#8220; custom_padding=&#8220;0px||0px||true|false&#8220; locked=&#8220;off&#8220; global_colors_info=&#8220;{}&#8220;][\/et_pb_blurb][\/et_pb_column][\/et_pb_row][et_pb_row column_structure=&#8220;1_2,1_2&#8243; admin_label=&#8220;Row&#8220; _builder_version=&#8220;4.21.0&#8243; _module_preset=&#8220;default&#8220; background_enable_color=&#8220;off&#8220; custom_margin=&#8220;||||false|false&#8220; custom_padding=&#8220;37px|0px|37px|0px|true|false&#8220; custom_css_main_element=&#8220;justify-content: space-between;||display: flex;||flex-direction: row;||flex-wrap: wrap;&#8220; locked=&#8220;off&#8220; global_colors_info=&#8220;{}&#8220;][et_pb_column type=&#8220;1_2&#8243; _builder_version=&#8220;4.20.2&#8243; _module_preset=&#8220;default&#8220; background_enable_color=&#8220;off&#8220; custom_padding=&#8220;||||true|true&#8220; custom_css_main_element=&#8220;display: flex;||flex-direction: row;||flex-wrap: wrap;||max-width: 100%;&#8220; border_radii=&#8220;on|12px|12px|12px|12px&#8220; global_colors_info=&#8220;{}&#8220;][et_pb_blurb title=&#8220;Inbetriebnahme von Schutzger\u00e4ten&#8220; _builder_version=&#8220;4.21.0&#8243; _module_preset=&#8220;default&#8220; header_text_align=&#8220;left&#8220; header_text_color=&#8220;#000000&#8243; header_font_size=&#8220;25px&#8220; body_text_align=&#8220;justify&#8220; body_text_color=&#8220;#000000&#8243; background_color=&#8220;#1aa738&#8243; width=&#8220;100%&#8220; module_alignment=&#8220;left&#8220; min_height=&#8220;160px&#8220; custom_padding=&#8220;25px|22px|25px|22px|true|true&#8220; custom_css_main_element=&#8220;display: flex;||flex-flow: column;||justify-content: center;||height: fit-content;&#8220; border_radii=&#8220;on|12px|12px|12px|12px&#8220; locked=&#8220;off&#8220; global_colors_info=&#8220;{}&#8220;]<\/p>\n<p>&nbsp;<\/p>\n<p>Parametrierung von Schutzger\u00e4ten<\/p>\n<ul>\n<li>Distanzschutz<\/li>\n<li>Differentialschutz (Transformator, Leitung, Kabel)<\/li>\n<li>Sammelschienenschutz<\/li>\n<li>Generatorschutz<\/li>\n<li>Motorschutz<\/li>\n<li>Spannungsschutz<\/li>\n<li>Erdschlussschutz<\/li>\n<li>\u00dcberstromzeitschutz<\/li>\n<li>R\u00fcckw\u00e4rtige Verriegelung, Richtungsvergleichsschutz<\/li>\n<\/ul>\n<p>Pr\u00fcfung Anrege- und Ausl\u00f6sezeiten der Schutzger\u00e4te mittels Sekund\u00e4r-pr\u00fcfung<\/p>\n<ul>\n<li>Distanzschutzger\u00e4te<\/li>\n<li>Schutzpr\u00fcfung UMZ-Schutz<\/li>\n<li>Schutzpr\u00fcfung Differentialschutz<\/li>\n<li>Erdschlussschutz<\/li>\n<\/ul>\n<p>[\/et_pb_blurb][\/et_pb_column][et_pb_column type=&#8220;1_2&#8243; _builder_version=&#8220;4.20.2&#8243; _module_preset=&#8220;default&#8220; background_enable_color=&#8220;off&#8220; custom_padding=&#8220;||||true|true&#8220; custom_css_main_element=&#8220;display: flex;||flex-direction: row;||flex-wrap: wrap;||max-width: 100%;&#8220; border_radii=&#8220;on|12px|12px|12px|12px&#8220; global_colors_info=&#8220;{}&#8220;][et_pb_blurb title=&#8220;Wandler Pr\u00fcfung und Anlagepr\u00fcfung&#8220; _builder_version=&#8220;4.21.0&#8243; _module_preset=&#8220;default&#8220; header_text_align=&#8220;left&#8220; header_text_color=&#8220;#000000&#8243; header_font_size=&#8220;25px&#8220; body_text_align=&#8220;justify&#8220; body_text_color=&#8220;#000000&#8243; background_color=&#8220;#d47b00&#8243; width=&#8220;100%&#8220; module_alignment=&#8220;left&#8220; min_height=&#8220;160px&#8220; custom_padding=&#8220;25px|22px|25px|22px|true|true&#8220; custom_css_main_element=&#8220;display: flex;||flex-flow: column;||justify-content: center;||height: fit-content;&#8220; border_radii=&#8220;on|12px|12px|12px|12px&#8220; locked=&#8220;off&#8220; global_colors_info=&#8220;{}&#8220;]<\/p>\n<ul>\n<li>Pr\u00fcfung Auskreis von Leistungsschalter<\/li>\n<li>Stromwandler Polarit\u00e4t<\/li>\n<li>Kabelumbauwandler-Richtung<\/li>\n<li>Pr\u00fcfung der bin\u00e4ren Eing\u00e4nge und Ausg\u00e4nge<\/li>\n<\/ul>\n<p>[\/et_pb_blurb][et_pb_blurb title=&#8220;Inbetriebnahme von Leit-und Steuersystemen&#8220; _builder_version=&#8220;4.21.0&#8243; _module_preset=&#8220;default&#8220; header_text_align=&#8220;left&#8220; header_text_color=&#8220;#000000&#8243; header_font_size=&#8220;25px&#8220; body_text_align=&#8220;justify&#8220; body_text_color=&#8220;#000000&#8243; background_color=&#8220;#ff897d&#8220; width=&#8220;100%&#8220; module_alignment=&#8220;left&#8220; min_height=&#8220;160px&#8220; custom_padding=&#8220;25px|22px|25px|22px|true|true&#8220; custom_css_main_element=&#8220;display: flex;||flex-flow: column;||justify-content: center;||height: fit-content;&#8220; border_radii=&#8220;on|12px|12px|12px|12px&#8220; locked=&#8220;off&#8220; global_colors_info=&#8220;{}&#8220;]<\/p>\n<ul>\n<li style=\"font-size: 14px;\">Pr\u00fcfung der Kommunikationsverbindungen zwischen den Ger\u00e4ten<\/li>\n<li style=\"font-size: 14px;\">Stichprobenpr\u00fcfung der Schutzmeldungen<\/li>\n<li style=\"font-size: 14px;\">Stichprobenpr\u00fcfung der Meldungen Richtung Leitstelle \u00fcber Fink.<\/li>\n<\/ul>\n<p>[\/et_pb_blurb][et_pb_blurb title=&#8220;Inbetriebnahme von Spannungs-und Petersenspulenregler&#8220; _builder_version=&#8220;4.21.0&#8243; _module_preset=&#8220;default&#8220; header_text_align=&#8220;left&#8220; header_text_color=&#8220;#000000&#8243; header_font_size=&#8220;25px&#8220; body_text_align=&#8220;justify&#8220; body_text_color=&#8220;#000000&#8243; background_color=&#8220;#008391&#8243; width=&#8220;100%&#8220; module_alignment=&#8220;left&#8220; min_height=&#8220;160px&#8220; custom_padding=&#8220;25px|22px|25px|22px|true|true&#8220; custom_css_main_element=&#8220;display: flex;||flex-flow: column;||justify-content: center;||height: fit-content;&#8220; border_radii=&#8220;on|12px|12px|12px|12px&#8220; locked=&#8220;off&#8220; global_colors_info=&#8220;{}&#8220;]<\/p>\n<ul>\n<li style=\"font-size: 14px;\">Parametrieren des Reglers<\/li>\n<li style=\"font-size: 14px;\">Aufspielen der Parametrierung<\/li>\n<li style=\"font-size: 14px;\">Abstimmtest, Bin\u00e4r-Eingang und Ausgangstest<\/li>\n<\/ul>\n<p>[\/et_pb_blurb][\/et_pb_column][\/et_pb_row][\/et_pb_section]<\/p>\n","protected":false},"excerpt":{"rendered":"<p>Die Inbetriebnahme auf der Baustelle ist die letzte aber auch zugleich die anspruchsvollste Aufgabe in der Projektabwicklung. FYK Power Engineering bietet im Rahmen der Inbetriebnahme folgende Pakete an<\/p>\n","protected":false},"author":1,"featured_media":477,"parent":6525,"menu_order":0,"comment_status":"closed","ping_status":"closed","template":"","meta":{"_et_pb_use_builder":"on","_et_pb_old_content":"","_et_gb_content_width":"","footnotes":""},"class_list":["post-6471","page","type-page","status-publish","has-post-thumbnail","hentry"],"_links":{"self":[{"href":"https:\/\/fyk-engineering.com\/de\/wp-json\/wp\/v2\/pages\/6471","targetHints":{"allow":["GET"]}}],"collection":[{"href":"https:\/\/fyk-engineering.com\/de\/wp-json\/wp\/v2\/pages"}],"about":[{"href":"https:\/\/fyk-engineering.com\/de\/wp-json\/wp\/v2\/types\/page"}],"author":[{"embeddable":true,"href":"https:\/\/fyk-engineering.com\/de\/wp-json\/wp\/v2\/users\/1"}],"replies":[{"embeddable":true,"href":"https:\/\/fyk-engineering.com\/de\/wp-json\/wp\/v2\/comments?post=6471"}],"version-history":[{"count":12,"href":"https:\/\/fyk-engineering.com\/de\/wp-json\/wp\/v2\/pages\/6471\/revisions"}],"predecessor-version":[{"id":6736,"href":"https:\/\/fyk-engineering.com\/de\/wp-json\/wp\/v2\/pages\/6471\/revisions\/6736"}],"up":[{"embeddable":true,"href":"https:\/\/fyk-engineering.com\/de\/wp-json\/wp\/v2\/pages\/6525"}],"wp:featuredmedia":[{"embeddable":true,"href":"https:\/\/fyk-engineering.com\/de\/wp-json\/wp\/v2\/media\/477"}],"wp:attachment":[{"href":"https:\/\/fyk-engineering.com\/de\/wp-json\/wp\/v2\/media?parent=6471"}],"curies":[{"name":"wp","href":"https:\/\/api.w.org\/{rel}","templated":true}]}}